{"id":977,"date":"2021-09-22T16:16:57","date_gmt":"2021-09-22T14:16:57","guid":{"rendered":"https:\/\/crd-services.com\/?post_type=product&#038;p=977"},"modified":"2022-01-19T16:26:28","modified_gmt":"2022-01-19T15:26:28","slug":"sac-a-linge-en-non-tisse-avec-serigraphie","status":"publish","type":"product","link":"https:\/\/crd-services.com\/en\/product\/sac-a-linge-en-non-tisse-avec-serigraphie\/","title":{"rendered":"Sac \u00e0 linge en non tiss\u00e9 avec s\u00e9rigraphie"},"content":{"rendered":"","protected":false},"excerpt":{"rendered":"","protected":false},"featured_media":978,"template":"","meta":{"_et_pb_use_builder":"","_et_pb_old_content":"","_et_gb_content_width":""},"product_brand":[],"product_cat":[24],"product_tag":[],"class_list":{"0":"post-977","1":"product","2":"type-product","3":"status-publish","4":"has-post-thumbnail","6":"product_cat-sacs-a-linge","8":"first","9":"instock","10":"shipping-taxable","11":"product-type-simple"},"yoast_head":"<!-- This site is optimized with the Yoast SEO plugin v27.3 - https:\/\/yoast.com\/product\/yoast-seo-wordpress\/ -->\n<title>Sac \u00e0 linge en non tiss\u00e9 avec s\u00e9rigraphie - CRD Sevices<\/title>\n<meta name=\"robots\" content=\"index, follow, max-snippet:-1, max-image-preview:large, max-video-preview:-1\" \/>\n<link rel=\"canonical\" href=\"https:\/\/crd-services.com\/produit\/sac-a-linge-en-non-tisse-avec-serigraphie\/\" \/>\n<meta property=\"og:locale\" content=\"en_US\" \/>\n<meta property=\"og:type\" content=\"article\" \/>\n<meta property=\"og:title\" content=\"Sac \u00e0 linge en non tiss\u00e9 avec s\u00e9rigraphie - CRD Sevices\" \/>\n<meta property=\"og:url\" content=\"https:\/\/crd-services.com\/produit\/sac-a-linge-en-non-tisse-avec-serigraphie\/\" \/>\n<meta property=\"og:site_name\" content=\"CRD Sevices\" \/>\n<meta property=\"article:modified_time\" content=\"2022-01-19T15:26:28+00:00\" \/>\n<meta property=\"og:image\" content=\"https:\/\/crd-services.com\/wp-content\/uploads\/2021\/09\/FA2021075_010.jpg\" \/>\n\t<meta property=\"og:image:width\" content=\"815\" \/>\n\t<meta property=\"og:image:height\" content=\"815\" \/>\n\t<meta property=\"og:image:type\" content=\"image\/jpeg\" \/>\n<meta name=\"twitter:card\" content=\"summary_large_image\" \/>\n<script type=\"application\/ld+json\" class=\"yoast-schema-graph\">{\"@context\":\"https:\\\/\\\/schema.org\",\"@graph\":[{\"@type\":\"WebPage\",\"@id\":\"https:\\\/\\\/crd-services.com\\\/produit\\\/sac-a-linge-en-non-tisse-avec-serigraphie\\\/\",\"url\":\"https:\\\/\\\/crd-services.com\\\/produit\\\/sac-a-linge-en-non-tisse-avec-serigraphie\\\/\",\"name\":\"Sac \u00e0 linge en non tiss\u00e9 avec s\u00e9rigraphie - CRD Sevices\",\"isPartOf\":{\"@id\":\"https:\\\/\\\/crd-services.com\\\/#website\"},\"primaryImageOfPage\":{\"@id\":\"https:\\\/\\\/crd-services.com\\\/produit\\\/sac-a-linge-en-non-tisse-avec-serigraphie\\\/#primaryimage\"},\"image\":{\"@id\":\"https:\\\/\\\/crd-services.com\\\/produit\\\/sac-a-linge-en-non-tisse-avec-serigraphie\\\/#primaryimage\"},\"thumbnailUrl\":\"https:\\\/\\\/crd-services.com\\\/wp-content\\\/uploads\\\/2021\\\/09\\\/FA2021075_010.jpg\",\"datePublished\":\"2021-09-22T14:16:57+00:00\",\"dateModified\":\"2022-01-19T15:26:28+00:00\",\"breadcrumb\":{\"@id\":\"https:\\\/\\\/crd-services.com\\\/produit\\\/sac-a-linge-en-non-tisse-avec-serigraphie\\\/#breadcrumb\"},\"inLanguage\":\"en-US\",\"potentialAction\":[{\"@type\":\"ReadAction\",\"target\":[\"https:\\\/\\\/crd-services.com\\\/produit\\\/sac-a-linge-en-non-tisse-avec-serigraphie\\\/\"]}]},{\"@type\":\"ImageObject\",\"inLanguage\":\"en-US\",\"@id\":\"https:\\\/\\\/crd-services.com\\\/produit\\\/sac-a-linge-en-non-tisse-avec-serigraphie\\\/#primaryimage\",\"url\":\"https:\\\/\\\/crd-services.com\\\/wp-content\\\/uploads\\\/2021\\\/09\\\/FA2021075_010.jpg\",\"contentUrl\":\"https:\\\/\\\/crd-services.com\\\/wp-content\\\/uploads\\\/2021\\\/09\\\/FA2021075_010.jpg\",\"width\":815,\"height\":815},{\"@type\":\"BreadcrumbList\",\"@id\":\"https:\\\/\\\/crd-services.com\\\/produit\\\/sac-a-linge-en-non-tisse-avec-serigraphie\\\/#breadcrumb\",\"itemListElement\":[{\"@type\":\"ListItem\",\"position\":1,\"name\":\"Accueil\",\"item\":\"https:\\\/\\\/crd-services.com\\\/en\\\/\"},{\"@type\":\"ListItem\",\"position\":2,\"name\":\"Shop\",\"item\":\"https:\\\/\\\/crd-services.com\\\/en\\\/shop-2\\\/\"},{\"@type\":\"ListItem\",\"position\":3,\"name\":\"Sac \u00e0 linge en non tiss\u00e9 avec s\u00e9rigraphie\"}]},{\"@type\":\"WebSite\",\"@id\":\"https:\\\/\\\/crd-services.com\\\/#website\",\"url\":\"https:\\\/\\\/crd-services.com\\\/\",\"name\":\"CRD Sevices\",\"description\":\"\",\"potentialAction\":[{\"@type\":\"SearchAction\",\"target\":{\"@type\":\"EntryPoint\",\"urlTemplate\":\"https:\\\/\\\/crd-services.com\\\/?s={search_term_string}\"},\"query-input\":{\"@type\":\"PropertyValueSpecification\",\"valueRequired\":true,\"valueName\":\"search_term_string\"}}],\"inLanguage\":\"en-US\"}]}<\/script>\n<!-- \/ Yoast SEO plugin. -->","yoast_head_json":{"title":"Sac \u00e0 linge en non tiss\u00e9 avec s\u00e9rigraphie - CRD Sevices","robots":{"index":"index","follow":"follow","max-snippet":"max-snippet:-1","max-image-preview":"max-image-preview:large","max-video-preview":"max-video-preview:-1"},"canonical":"https:\/\/crd-services.com\/produit\/sac-a-linge-en-non-tisse-avec-serigraphie\/","og_locale":"en_US","og_type":"article","og_title":"Sac \u00e0 linge en non tiss\u00e9 avec s\u00e9rigraphie - CRD Sevices","og_url":"https:\/\/crd-services.com\/produit\/sac-a-linge-en-non-tisse-avec-serigraphie\/","og_site_name":"CRD Sevices","article_modified_time":"2022-01-19T15:26:28+00:00","og_image":[{"width":815,"height":815,"url":"https:\/\/crd-services.com\/wp-content\/uploads\/2021\/09\/FA2021075_010.jpg","type":"image\/jpeg"}],"twitter_card":"summary_large_image","schema":{"@context":"https:\/\/schema.org","@graph":[{"@type":"WebPage","@id":"https:\/\/crd-services.com\/produit\/sac-a-linge-en-non-tisse-avec-serigraphie\/","url":"https:\/\/crd-services.com\/produit\/sac-a-linge-en-non-tisse-avec-serigraphie\/","name":"Sac \u00e0 linge en non tiss\u00e9 avec s\u00e9rigraphie - CRD Sevices","isPartOf":{"@id":"https:\/\/crd-services.com\/#website"},"primaryImageOfPage":{"@id":"https:\/\/crd-services.com\/produit\/sac-a-linge-en-non-tisse-avec-serigraphie\/#primaryimage"},"image":{"@id":"https:\/\/crd-services.com\/produit\/sac-a-linge-en-non-tisse-avec-serigraphie\/#primaryimage"},"thumbnailUrl":"https:\/\/crd-services.com\/wp-content\/uploads\/2021\/09\/FA2021075_010.jpg","datePublished":"2021-09-22T14:16:57+00:00","dateModified":"2022-01-19T15:26:28+00:00","breadcrumb":{"@id":"https:\/\/crd-services.com\/produit\/sac-a-linge-en-non-tisse-avec-serigraphie\/#breadcrumb"},"inLanguage":"en-US","potentialAction":[{"@type":"ReadAction","target":["https:\/\/crd-services.com\/produit\/sac-a-linge-en-non-tisse-avec-serigraphie\/"]}]},{"@type":"ImageObject","inLanguage":"en-US","@id":"https:\/\/crd-services.com\/produit\/sac-a-linge-en-non-tisse-avec-serigraphie\/#primaryimage","url":"https:\/\/crd-services.com\/wp-content\/uploads\/2021\/09\/FA2021075_010.jpg","contentUrl":"https:\/\/crd-services.com\/wp-content\/uploads\/2021\/09\/FA2021075_010.jpg","width":815,"height":815},{"@type":"BreadcrumbList","@id":"https:\/\/crd-services.com\/produit\/sac-a-linge-en-non-tisse-avec-serigraphie\/#breadcrumb","itemListElement":[{"@type":"ListItem","position":1,"name":"Accueil","item":"https:\/\/crd-services.com\/en\/"},{"@type":"ListItem","position":2,"name":"Shop","item":"https:\/\/crd-services.com\/en\/shop-2\/"},{"@type":"ListItem","position":3,"name":"Sac \u00e0 linge en non tiss\u00e9 avec s\u00e9rigraphie"}]},{"@type":"WebSite","@id":"https:\/\/crd-services.com\/#website","url":"https:\/\/crd-services.com\/","name":"CRD Sevices","description":"","potentialAction":[{"@type":"SearchAction","target":{"@type":"EntryPoint","urlTemplate":"https:\/\/crd-services.com\/?s={search_term_string}"},"query-input":{"@type":"PropertyValueSpecification","valueRequired":true,"valueName":"search_term_string"}}],"inLanguage":"en-US"}]}},"_links":{"self":[{"href":"https:\/\/crd-services.com\/en\/wp-json\/wp\/v2\/product\/977","targetHints":{"allow":["GET"]}}],"collection":[{"href":"https:\/\/crd-services.com\/en\/wp-json\/wp\/v2\/product"}],"about":[{"href":"https:\/\/crd-services.com\/en\/wp-json\/wp\/v2\/types\/product"}],"wp:featuredmedia":[{"embeddable":true,"href":"https:\/\/crd-services.com\/en\/wp-json\/wp\/v2\/media\/978"}],"wp:attachment":[{"href":"https:\/\/crd-services.com\/en\/wp-json\/wp\/v2\/media?parent=977"}],"wp:term":[{"taxonomy":"product_brand","embeddable":true,"href":"https:\/\/crd-services.com\/en\/wp-json\/wp\/v2\/product_brand?post=977"},{"taxonomy":"product_cat","embeddable":true,"href":"https:\/\/crd-services.com\/en\/wp-json\/wp\/v2\/product_cat?post=977"},{"taxonomy":"product_tag","embeddable":true,"href":"https:\/\/crd-services.com\/en\/wp-json\/wp\/v2\/product_tag?post=977"}],"curies":[{"name":"wp","href":"https:\/\/api.w.org\/{rel}","templated":true}]}}